{"id":6,"date":"2021-06-11T16:07:17","date_gmt":"2021-06-11T16:07:17","guid":{"rendered":"https:\/\/xn--tkat-5qa.ee\/?page_id=6"},"modified":"2025-11-27T15:18:52","modified_gmt":"2025-11-27T15:18:52","slug":"tutvustus","status":"publish","type":"page","link":"https:\/\/xn--tkat-5qa.ee\/","title":{"rendered":"Must Kuld"},"content":{"rendered":"\n\n\n<pre class=\"wp-block-preformatted\"><img decoding=\"async\" class=\"wp-image-356\" style=\"width: 150px;\" src=\"https:\/\/xn--tkat-5qa.ee\/wp-content\/uploads\/2022\/09\/300531500_480492960175773_9030387685071654836_n-1.mp4\" alt=\"\"><img loading=\"lazy\" decoding=\"async\" width=\"500\" height=\"375\" class=\"wp-image-401\" style=\"width: 500px;\" src=\"https:\/\/xn--tkat-5qa.ee\/wp-content\/uploads\/2022\/10\/302504759_529161412543175_8008232578091032160_n-1.jpg\" alt=\"\" srcset=\"https:\/\/xn--tkat-5qa.ee\/wp-content\/uploads\/2022\/10\/302504759_529161412543175_8008232578091032160_n-1.jpg 2048w, https:\/\/xn--tkat-5qa.ee\/wp-content\/uploads\/2022\/10\/302504759_529161412543175_8008232578091032160_n-1-300x225.jpg 300w, https:\/\/xn--tkat-5qa.ee\/wp-content\/uploads\/2022\/10\/302504759_529161412543175_8008232578091032160_n-1-1024x768.jpg 1024w, https:\/\/xn--tkat-5qa.ee\/wp-content\/uploads\/2022\/10\/302504759_529161412543175_8008232578091032160_n-1-768x576.jpg 768w, https:\/\/xn--tkat-5qa.ee\/wp-content\/uploads\/2022\/10\/302504759_529161412543175_8008232578091032160_n-1-1536x1152.jpg 1536w\" sizes=\"auto, (max-width: 500px) 100vw, 500px\" \/><br><code><strong>Kasetohu t\u00f5rva ehk t\u00f6katit  m\u00fc\u00fcdi esimese vabariigi ajal igas apteegis, kui ravimit. T\u00e4nap\u00e4evane arstiteadus kasetohu t\u00f5rvaga ravitsemist reeglina enam ei k\u00e4sitle ja seet\u00f5ttu on tema kasutus meditsiinis olematu. Ka tava-majapidamistes enam \"t\u00f5rvatooteid\" \u00fcldjuhul ei kasutata. Siinkohal proovin P\u00f5hja-Viljandimaal, Maalasti k\u00fclas, oma talus, elustada iidset t\u00f5rvap\u00f5letamist ja sellega seotud p\u00e4rimust ning ajapikku valmistada traditsioonilisel viisil ka erinevaid kasulikke tooteid, millest annan teada siin lehel.<\/strong><br><br><strong>T\u00f6kat(<em>lad. pyroleum betulae<\/em>) on puhas, \u00f6koloogiline loodustoode mis saadakse kasetohu kuivdestilleerimisel 500C juures. <br>T\u00f6katit on l\u00e4bi aegade kasutatud:<br>\u00a4 Kaitsevahendina: puitkatustele, hoone sokliosadele, paatidele.<br>\u00a4 Immutusvahendina: vihmariietele, k\u00f6itele. <br>\u00a4 M\u00e4\u00e4rdena(lisatud rasva): kalav\u00f5rkudele, nahkesemetele, saabastele, ratastele.<br>\u00a4 T\u00f5husa toimeainena nahavigastuste, nahahaiguste, liigesevalu, rabanduse, hingamisteede haiguste korral, ka n\u00e4rimiskummina. <br>\u00a4 Seebi jt pesuainete valmistamiseks.<br>\u00a4 T\u00f5rjevahendina putukate (parmud, s\u00e4\u00e4sed, puugid), madude, rottide peletamiseks, k\u00e4rbsep\u00fc\u00fcnisena, aedade taimekaitses.<br>\u00a4 Teritusvahendi-luisu valmistamiseks (t\u00f5rva ja liiva segu).<br>\u00a4 Pigi valmistamiseks \u2013 pigitatud niidiga \u00f5mmeldi nahkesemeid, hobuseriistu, jalan\u00f5usid. Pigi n\u00f6\u00f6riga tihendati laevaplangutust.<br>\u00a4 Liimi valmistamiseks<br>\u00a4 Naha parkimiseks(Elmar Nugis \"T\u00e4htsamate nahaliikide kodune parkimine\")<\/strong><\/code><br><br><img loading=\"lazy\" decoding=\"async\" width=\"150\" height=\"187\" class=\"wp-image-372\" style=\"width: 150px;\" src=\"https:\/\/xn--tkat-5qa.ee\/wp-content\/uploads\/2022\/09\/index.jpg\" alt=\"\"><br><strong><code>Suur vene keemik Mendelejev on kirjutanud: \u201cKasepuu keemilised produktid kujutavad endast hindamatuid aardeid maailmale.\u201d Just looduslike \u00fchendite keemia ongi pakkunud viimasel ajal huvi paljudele teadlastele, kuna seni kasutusel olnud ressursid hakkavad ammenduma ning vihjeid probleemsete teemade lahendamiseks v\u00f5ib leida ka rahvap\u00e4rimustest ja legendidest. Eesti rahvap\u00e4rimustes on kase kohta kasutatud nimetust kui \u201candja puu\u201d: mitmed ilusad laulud, luuletused ja lood on p\u00fchendatud kasele \u2013 just tema mitmek\u00fclgse kasulikkuse p\u00e4rast. Juba aastatuhandeid tagasi on kasekoort kasutatud t\u00f6kati ajamiseks. T\u00f5rva valmistamist on erinevates kirjutistes nimetatud kord \u201ckeetmiseks\u201d, siis j\u00e4lle \u201cp\u00f5letamiseks\u201d; sisuliselt on tegu aga utmisprotsessiga. Aastatel 370-285 e.m.a. kirjeldas Teophritius puude s\u00f6estumist ja nendest eralduvat t\u00f5rva.T\u00f5rv on t\u00f5en\u00e4oliselt vanim inimese poolt valmistatud pools\u00fcnteetiline materjal, mida 40 000 aastat tagasi, t\u00e4nasel Saksamaa aladel elanud neandertaallased on kasutanud t\u00f6\u00f6riistade parendamiseks.T\u00f5rva ajamine on vana kunst, mille meie ajaarvamise algul L\u00e4\u00e4nemere \u00e4\u00e4rde j\u00f5udnud soomeugri rahvad \u00f5ppisid t\u00f5en\u00e4oliselt baltlastelt. Balti keeltest on laenatud ka s\u00f5na t\u00f5rv (leedu derva, l\u00e4ti darva). Tohust utmise teel saadav t\u00f6kat kuulub kindlalt rahvameditsiini ravimite varasalve.<\/code><\/strong><br><img loading=\"lazy\" decoding=\"async\" width=\"250\" height=\"333\" class=\"wp-image-511\" style=\"width: 250px;\" src=\"https:\/\/xn--tkat-5qa.ee\/wp-content\/uploads\/2023\/04\/166583603_274212277596392_5207547359493785912_n.jpg\" alt=\"\" srcset=\"https:\/\/xn--tkat-5qa.ee\/wp-content\/uploads\/2023\/04\/166583603_274212277596392_5207547359493785912_n.jpg 721w, https:\/\/xn--tkat-5qa.ee\/wp-content\/uploads\/2023\/04\/166583603_274212277596392_5207547359493785912_n-225x300.jpg 225w\" sizes=\"auto, (max-width: 250px) 100vw, 250px\" \/><br><strong><code>Kase valge koor on looduses tema v\u00f5imas kaitsja erinevate bakterite, seente, viiruste, putukate eest, kui ka p\u00e4ikesekiirguse kahjuliku m\u00f5ju eest. Olete ehk m\u00e4rganud tormiga maha murtud kasepuud? Aastaid hiljem,kui puu juba k\u00f5dunenud, on s\u00e4ilinud temast vaid \u00fcks osa \u2013 tema koor. See valge koor on inimesi k\u00f6itnud juba iidsetest aegadest ja kui s\u00fc\u00fcvida meie esivanemate ajalukku siis leiame sealt hulga  kasetohust punutud majapidamistarbeid, viiske, hiljem kinga\/saapa sisetaldu, kasekoorejahu, t\u00f5rva. Kasetohust punutud jalatseid on meie k\u00fclades juba iidsetest aegadest laialdaselt kasutatud. P\u00e4rast seda, kui valdavalt nahast jalatsid kasutusele v\u00f5eti, tuli kasekoor inimestele taas appi, kuid seda juba uues ametis nagu kinga\/saapa sisetald. N\u00e4iteks omaaegsed tsaariarmee palgas\u00f5durid ei p\u00f5denud kunagi jala seenhaigusi. Miks? Kuna kasekoores sisalduv aine betuliin on \u00fcks v\u00f5imsamaid looduslikke antiseptikuid. Muide, kasetohust sisetallad poleks ka praegusel ajal ajal \u00fcleliigsed. S\u00f5jakirurg Aleksander Vasilievit\u0161 Vishnevski l\u00f5i 1927. aastal m\u00e4daste haavade raviks ainulaadse salvi, mis hiljem tema j\u00e4rgi ka nimetati. T\u00e4naseni naudib salv tohtrite seas suurt edu t\u00e4nu just peamisele koostisosale-kaset\u00f5rvale. Kasekoor \u00e4ratas ka meie omaaegsete ravitsejate t\u00e4helepanu ja nende \u00fclest\u00e4hendustes maarahvale kirjutatud meditsiiniraamatutes v\u00f5ib nahahaiguste, m\u00e4daste haavade ja sissel\u00f5igete ravimiseks m\u00f5eldud soovituste hulgast leidan\u00e4iteks purustatud kasekoore pulbri. Kasekoore pulbrit soovitati seedetrakti haiguste raviks, hammaste ja igemete tugevdamiseks ning seedimise parandamiseks. Purustatud kasekoort lisati ka jahule, millest hiljem k\u00fcpsetati leiba. S\u00fcnnitusj\u00e4rgus naisele ruumi ettevalmistamisel tilgutati ruumi desinfitseerimiseks paar tilka kaset\u00f5rva kuumale s\u00f6ele. Vabaduss\u00f5ja ajast on teada juhtumeid kus p\u00f5leva kasekoore suitsuga steriliseeriti haavasidemeid. Tiibeti mungad ravivad kasekoorega p\u00f5letikulisi ja nakkuslikke nahahaigusi aga ka tuberkuloosi ja maohaavandeid. Nagu n\u00e4ete, on kasekoor k\u00f6itnud inimkonna t\u00e4helepanu juba pikka aega. Teada on kasetohu antiseptilised ja bakteriaalsed omadused mille annab temas sisalduv betuliin. See aine annab kasekoorele ka valge v\u00e4rvi. Lisaks veel gl\u00fckosiidid, betulosiidid, saponiinid, gulteriinid, tanniinid ja eeterlik \u00f5li. Muide kase eeterlik \u00f5li, mis muuhulgas levib looduses puude \u00fcmber, eriti kasesaludes, h\u00e4vitab umbes 400 patogeensete bakteriliiki enda \u00fcmber ja m\u00f5jub n\u00e4rvis\u00fcsteemile rahustavalt. Pidage meeles, kui juhtute kasesaludes jalutama.<\/code><\/strong><br><img loading=\"lazy\" decoding=\"async\" width=\"500\" height=\"383\" class=\"wp-image-374\" style=\"width: 500px;\" src=\"https:\/\/xn--tkat-5qa.ee\/wp-content\/uploads\/2022\/09\/a-Mass-loss-in-sealed-test-tubes-for-each-heating-temperature-Individual-dots-are-tubes.ppm_.png\" alt=\"\" srcset=\"https:\/\/xn--tkat-5qa.ee\/wp-content\/uploads\/2022\/09\/a-Mass-loss-in-sealed-test-tubes-for-each-heating-temperature-Individual-dots-are-tubes.ppm_.png 850w, https:\/\/xn--tkat-5qa.ee\/wp-content\/uploads\/2022\/09\/a-Mass-loss-in-sealed-test-tubes-for-each-heating-temperature-Individual-dots-are-tubes.ppm_-300x230.png 300w, https:\/\/xn--tkat-5qa.ee\/wp-content\/uploads\/2022\/09\/a-Mass-loss-in-sealed-test-tubes-for-each-heating-temperature-Individual-dots-are-tubes.ppm_-768x588.png 768w\" sizes=\"auto, (max-width: 500px) 100vw, 500px\" \/><br><code><strong>Teadusringkondades kutsutakse betuliini \u201cmustaks kullaks\u201d. Esimene meditsiinilis-teaduslik kirjeldus kasepuust eraldatud valgest pulbrist tehti juba 1788 aastal ja soovitati inimestel seda kasutada p\u00f5letushaavade ja sissel\u00f5igete raviks. 20. sajandi alguses avastati kasekoore antirah\u00fc\u00fctiline omadus ja 1994. aastal viirusevastane omadus ning eelk\u00f5ige asjaolu, et see toimib inimese immuunpuudulikkuse vastu. Kuulus Ameerika keemik, Minnesota \u00fclikooli professor Robert Carlson nimetas betuliini \u201cesmaklassiliseks aineks\u201d, mis t\u00f6\u00f6tab ideaalselt, kuna see on \u201clooduse poolt s\u00fcnteesitud, mitte laboris\u201d. Kasekoorepulber on looduslik, \u00fcsna odav, kergesti saadav aine, valge, m\u00f5nikord ka bee\u017e pulber. See koosneb 80% betuliinist, sulamistemperatuur on k\u00f5rge kuni 260 kraadi Celsiuse j\u00e4rgi. Sellest pulbrist on t\u00e4nap\u00e4eval saanud p\u00f5hjalike uuringute objekt, millega tegelevad arstid, bioloogid ja proviisorid \u00fcle maailma. Erinevad uurimused on n\u00e4idanud, et lisaks antiseptilistele ja haavade paranemise omadustele avaldab betuliin ka viirusevastaseid, hepatoprotektiivseid, koolereetilisi, antioks\u00fcdante, immunostimuleerivaid, kasvajavastaseid omadusi. Huvi kasekoores sisalduva betuliini kasulike omaduste vastu ei vaibu veel niipea, uuringud j\u00e4tkuvad ja see v\u00f5imaldab inimkonnal \u00f5ppida tundma selle ainulaadse loodusliku aine \u00fcha uusi tahke. Kasetohu v\u00e4\u00e4rtus t\u00f5useb koos kase vanusega, nii et kohelge kasepuud austusega ja ta ei j\u00e4\u00e4 teile kunagi v\u00f5lgu.<\/strong><br><br><strong>H\u00e4\u00e4d tervist!<\/strong><\/code><\/pre>\n","protected":false},"excerpt":{"rendered":"<p>Kasetohu t\u00f5rva ehk t\u00f6katit m\u00fc\u00fcdi esimese vabariigi ajal igas apteegis, kui ravimit. T\u00e4nap\u00e4evane arstiteadus kasetohu t\u00f5rvaga ravitsemist reeglina enam ei k\u00e4sitle ja<\/p>\n<p class=\"link-more\"><a class=\"myButt \" href=\"https:\/\/xn--tkat-5qa.ee\/\">Read More<\/a><\/p>\n","protected":false},"author":1,"featured_media":29,"parent":0,"menu_order":0,"comment_status":"closed","ping_status":"closed","template":"","meta":{"footnotes":""},"class_list":["post-6","page","type-page","status-publish","has-post-thumbnail","hentry"],"_links":{"self":[{"href":"https:\/\/xn--tkat-5qa.ee\/index.php?rest_route=\/wp\/v2\/pages\/6","targetHints":{"allow":["GET"]}}],"collection":[{"href":"https:\/\/xn--tkat-5qa.ee\/index.php?rest_route=\/wp\/v2\/pages"}],"about":[{"href":"https:\/\/xn--tkat-5qa.ee\/index.php?rest_route=\/wp\/v2\/types\/page"}],"author":[{"embeddable":true,"href":"https:\/\/xn--tkat-5qa.ee\/index.php?rest_route=\/wp\/v2\/users\/1"}],"replies":[{"embeddable":true,"href":"https:\/\/xn--tkat-5qa.ee\/index.php?rest_route=%2Fwp%2Fv2%2Fcomments&post=6"}],"version-history":[{"count":37,"href":"https:\/\/xn--tkat-5qa.ee\/index.php?rest_route=\/wp\/v2\/pages\/6\/revisions"}],"predecessor-version":[{"id":761,"href":"https:\/\/xn--tkat-5qa.ee\/index.php?rest_route=\/wp\/v2\/pages\/6\/revisions\/761"}],"wp:featuredmedia":[{"embeddable":true,"href":"https:\/\/xn--tkat-5qa.ee\/index.php?rest_route=\/wp\/v2\/media\/29"}],"wp:attachment":[{"href":"https:\/\/xn--tkat-5qa.ee\/index.php?rest_route=%2Fwp%2Fv2%2Fmedia&parent=6"}],"curies":[{"name":"wp","href":"https:\/\/api.w.org\/{rel}","templated":true}]}}